{"id":965,"date":"2020-09-16T16:23:52","date_gmt":"2020-09-16T19:23:52","guid":{"rendered":"https:\/\/isss-crr.infd.edu.ar\/sitio\/?page_id=965"},"modified":"2023-04-24T17:56:00","modified_gmt":"2023-04-24T20:56:00","slug":"prensa-escrita","status":"publish","type":"page","link":"https:\/\/isss-crr.infd.edu.ar\/sitio\/nuestras-producciones\/prensa-escrita\/","title":{"rendered":"Producciones escritas"},"content":{"rendered":"<blockquote>\n<h3><a href=\"https:\/\/mailchi.mp\/a4d74a263040\/punto-de-encuentro-boletn-digital-de-la-carrera-de-comunicacin-social-del-isss-remedios-de-escalada-de-san-martn-4558312\">Bolet\u00edn digital Punto de Encuentro<\/a><\/h3>\n<\/blockquote>\n<h4>Edici\u00f3n N\u00ba 2: Diciembre 2020<\/h4>\n<p>Un espacio de comunicaci\u00f3n para la difusi\u00f3n de las actividades, propuestas y agenda de toda la comunidad educativa del ISSS, realizado por los estudiantes Duete Melisa, Oporto\u00a0 Yamila, Sena Sara,\u00a0G\u00f3mez Camila, Caballero Franco, Romero Luz; en\u00a0en el marco de la materia Practica Profesional III: Pasant\u00eda\u00a0del tercer a\u00f1o de la T.S en Comunicaci\u00f3n Social Orientada al Desarrollo Local, a cargo de la Prof. Silvana Siviero.<\/p>\n<h3><a href=\"https:\/\/www.canva.com\/design\/DAENfLhhN0I\/g7MnAiFk2tkJ4G2EDPul-A\/view?utm_content=DAENfLhhN0I&amp;utm_campaign=designshare&amp;utm_medium=link&amp;utm_source=publishsharelink\">Peri\u00f3dico Protagonistas del ISSS<\/a><\/h3>\n<p>El Peri\u00f3dico Institucional surgi\u00f3 en respuesta a la necesidad de que la casa de estudios cuente con un medio de informaci\u00f3n, conocimiento, entretenimiento y afianzamiento de v\u00ednculos entre los miembros que la componen. Al mismo tiempo; que los alumnos de la Tecnicatura en Comunicaci\u00f3n Social Orientada al Desarrollo local plasmen sus conocimientos de expresi\u00f3n escrita y visual en un producto period\u00edstico con\u00a0noticias, cr\u00f3nicas, entrevistas; a la cual se sumar\u00e1n los aportes de profesores y alumnos de las distintas carreras. Producci\u00f3n realizada por alumnas de la materia Lenguaje y Producci\u00f3n Gr\u00e1fica II (2020), a cargo de la Profesora Ana Mar\u00eda Escobar.<\/p>\n<p>&nbsp;<\/p>\n<h3><a href=\"https:\/\/mailchi.mp\/8b20f8d90a51\/punto-de-encuentro-boletn-digital-de-la-carrera-de-comunicacin-social-del-isss-remedios-de-escalada-de-san-martn\">Bolet\u00edn digital Punto de Encuentro <\/a><\/h3>\n<h4>Edici\u00f3n N\u00ba 1: Noviembre 2018<\/h4>\n<p>Un espacio en com\u00fan donde los estudiantes de tercer a\u00f1o aportaron diversas producciones en torno a sus practicas en diferentes instituciones y organismos; y los de segundo realizaron art\u00edculos gr\u00e1ficos.<\/p>\n<p>Realizado por estudiantes y docentes de la Tecnicatura en Comunicaci\u00f3n Social del ISSS \u201cRemedios de Escalada de San Mart\u00edn\u201d; en un trabajo articulado entre la materia\u00a0Pr\u00e1ctica Profesional III,\u00a0y la materia\u00a0Lenguaje y Producci\u00f3n Gr\u00e1fica II.<\/p>\n<p>&nbsp;<\/p>\n<h3><a href=\"https:\/\/www.flipsnack.com\/leanperiodico\/periodico-somos-parte.html\">Peri\u00f3dico \u00abSomos Parte\u00bb<\/a><\/h3>\n<p>Material producido por Dayana Su\u00e1rez; Micaela Salas; Eduardo Ram\u00edrez; y Luc\u00eda Codas de la T.S en Comunicaci\u00f3n Social, con el fin de dar a difundir las actividades del programa \u201cSomos Parte\u201d de la Direcci\u00f3n de Diversidad de G\u00e9nero de la Provincia de Corrientes, destinado a la comunidad LGBTIQ.<\/p>\n<p>&nbsp;<\/p>\n<p>&nbsp;<\/p>\n<p>&nbsp;<\/p>\n<p>&nbsp;<\/p>\n<h3><\/h3>\n<p>&nbsp;<\/p>\n<p>&nbsp;<\/p>\n<p>&nbsp;<\/p>\n<p>&nbsp;<\/p>\n<p>&nbsp;<\/p>\n","protected":false},"excerpt":{"rendered":"<p>Bolet\u00edn digital Punto de Encuentro Edici\u00f3n N\u00ba 2: Diciembre 2020 Un espacio de comunicaci\u00f3n para la difusi\u00f3n de las actividades, propuestas y agenda de toda la comunidad educativa del ISSS, realizado por los estudiantes Duete Melisa, Oporto\u00a0 Yamila, Sena Sara,\u00a0G\u00f3mez Camila, Caballero Franco, Romero Luz; en\u00a0en el marco de la materia Practica Profesional III: Pasant\u00eda\u00a0del &#8230; <a title=\"Producciones escritas\" class=\"read-more\" href=\"https:\/\/isss-crr.infd.edu.ar\/sitio\/nuestras-producciones\/prensa-escrita\/\" aria-label=\"More on Producciones escritas\">[+]<\/a><\/p>\n","protected":false},"author":1426,"featured_media":1137,"parent":1077,"menu_order":0,"comment_status":"closed","ping_status":"closed","template":"","meta":[],"acf":[],"_links":{"self":[{"href":"https:\/\/isss-crr.infd.edu.ar\/sitio\/wp-json\/wp\/v2\/pages\/965"}],"collection":[{"href":"https:\/\/isss-crr.infd.edu.ar\/sitio\/wp-json\/wp\/v2\/pages"}],"about":[{"href":"https:\/\/isss-crr.infd.edu.ar\/sitio\/wp-json\/wp\/v2\/types\/page"}],"author":[{"embeddable":true,"href":"https:\/\/isss-crr.infd.edu.ar\/sitio\/wp-json\/wp\/v2\/users\/1426"}],"replies":[{"embeddable":true,"href":"https:\/\/isss-crr.infd.edu.ar\/sitio\/wp-json\/wp\/v2\/comments?post=965"}],"version-history":[{"count":16,"href":"https:\/\/isss-crr.infd.edu.ar\/sitio\/wp-json\/wp\/v2\/pages\/965\/revisions"}],"predecessor-version":[{"id":1490,"href":"https:\/\/isss-crr.infd.edu.ar\/sitio\/wp-json\/wp\/v2\/pages\/965\/revisions\/1490"}],"up":[{"embeddable":true,"href":"https:\/\/isss-crr.infd.edu.ar\/sitio\/wp-json\/wp\/v2\/pages\/1077"}],"wp:featuredmedia":[{"embeddable":true,"href":"https:\/\/isss-crr.infd.edu.ar\/sitio\/wp-json\/wp\/v2\/media\/1137"}],"wp:attachment":[{"href":"https:\/\/isss-crr.infd.edu.ar\/sitio\/wp-json\/wp\/v2\/media?parent=965"}],"curies":[{"name":"wp","href":"https:\/\/api.w.org\/{rel}","templated":true}]}}