{"id":961,"date":"2020-09-16T16:22:26","date_gmt":"2020-09-16T19:22:26","guid":{"rendered":"https:\/\/isss-crr.infd.edu.ar\/sitio\/?page_id=961"},"modified":"2024-11-25T15:26:35","modified_gmt":"2024-11-25T18:26:35","slug":"produccion-audiovisual","status":"publish","type":"page","link":"https:\/\/isss-crr.infd.edu.ar\/sitio\/nuestras-producciones\/produccion-audiovisual\/","title":{"rendered":"Producciones audiovisuales"},"content":{"rendered":"<p style=\"text-align: center;\">Este es un espacio donde se compartir\u00e1n producciones audiovisuales de diferentes tem\u00e1ticas \u00a0sociales, realizadas por Alumnos de las distintas carreras del ISSS \u201cRemedios de Escalada de San Mart\u00edn\u201d coordinado por los Docentes\u00a0 y Alumnos a cargo de la comunicaci\u00f3n institucional. A trav\u00e9s de este medio se establece otra menara de comunicar y compartir con el p\u00fablico \u00a0contenidos que reflejen el pensamiento cr\u00edtico \u00a0y formaci\u00f3n de los futuros profesionales.<\/p>\n<p><a href=\"https:\/\/www.youtube.com\/shorts\/ZlA6cPJtFus\">https:\/\/www.youtube.com\/shorts\/ZlA6cPJtFus<\/a><\/p>\n<p><a href=\"https:\/\/isss-crr.infd.edu.ar\/sitio\/category\/carrera\/\">Enfermer\u00eda \u2013 Instituto Superior de Servicio Social \u00abRemedios de Escalada de San Mart\u00edn\u00bb<\/a><\/p>\n<p><a href=\"https:\/\/www.youtube.com\/shorts\/ZlA6cPJtFus\" target=\"_blank\" rel=\"noopener\">VOCES DEL ISSS- Especiales Institucionales 2024 #isss #valentinhauy #jefatura &#8211; YouTube<\/a><\/p>\n<p><a href=\"https:\/\/www.youtube.com\/watch?v=STTQ2tKPQsM\" target=\"_blank\" rel=\"noopener\">INFORME FINAL 01- ISSS<\/a><\/p>\n<p><iframe loading=\"lazy\" title=\"Testimonios de alumnos\" width=\"1200\" height=\"675\" src=\"https:\/\/www.youtube.com\/embed\/oYQp7Ve0sFQ?start=100&#038;feature=oembed\" frameborder=\"0\" allow=\"accelerometer; autoplay; clipboard-write; encrypted-media; gyroscope; picture-in-picture; web-share\" referrerpolicy=\"strict-origin-when-cross-origin\" allowfullscreen><\/iframe><\/p>\n<p><iframe loading=\"lazy\" title=\"Testimonios de Alumnos\" width=\"1200\" height=\"675\" src=\"https:\/\/www.youtube.com\/embed\/9ii0_ZT1PfI?start=22&#038;feature=oembed\" frameborder=\"0\" allow=\"accelerometer; autoplay; clipboard-write; encrypted-media; gyroscope; picture-in-picture; web-share\" referrerpolicy=\"strict-origin-when-cross-origin\" allowfullscreen><\/iframe><\/p>\n<p><iframe loading=\"lazy\" title=\"El Alcohol y el Volante\" width=\"1200\" height=\"675\" src=\"https:\/\/www.youtube.com\/embed\/Sh2aYPYYqTg?feature=oembed\" frameborder=\"0\" allow=\"accelerometer; autoplay; clipboard-write; encrypted-media; gyroscope; picture-in-picture; web-share\" referrerpolicy=\"strict-origin-when-cross-origin\" allowfullscreen><\/iframe><\/p>\n<p><iframe loading=\"lazy\" title=\"DIA DEL PERIODISTA   ISSS\" width=\"1200\" height=\"675\" src=\"https:\/\/www.youtube.com\/embed\/nAmaTmhPzq8?feature=oembed\" frameborder=\"0\" allow=\"accelerometer; autoplay; clipboard-write; encrypted-media; gyroscope; picture-in-picture; web-share\" referrerpolicy=\"strict-origin-when-cross-origin\" allowfullscreen><\/iframe><\/p>\n<p><iframe loading=\"lazy\" title=\"Campa\u00f1a de Concientizaci\u00f3n sobre el consumo de alcohol al conducir\" width=\"1200\" height=\"675\" src=\"https:\/\/www.youtube.com\/embed\/noLmEUfdsQM?feature=oembed\" frameborder=\"0\" allow=\"accelerometer; autoplay; clipboard-write; encrypted-media; gyroscope; picture-in-picture; web-share\" referrerpolicy=\"strict-origin-when-cross-origin\" allowfullscreen><\/iframe><\/p>\n<p><iframe loading=\"lazy\" title=\"AN\u00c9CDOTAS DEL TREN DE SANTA ANA CONTADAS POR DON JUAN TORRES\" width=\"1200\" height=\"675\" src=\"https:\/\/www.youtube.com\/embed\/sCDeVkaq38w?feature=oembed\" frameborder=\"0\" allow=\"accelerometer; autoplay; clipboard-write; encrypted-media; gyroscope; picture-in-picture; web-share\" referrerpolicy=\"strict-origin-when-cross-origin\" allowfullscreen><\/iframe><\/p>\n","protected":false},"excerpt":{"rendered":"<p>Este es un espacio donde se compartir\u00e1n producciones audiovisuales de diferentes tem\u00e1ticas \u00a0sociales, realizadas por Alumnos de las distintas carreras del ISSS \u201cRemedios de Escalada de San Mart\u00edn\u201d coordinado por los Docentes\u00a0 y Alumnos a cargo de la comunicaci\u00f3n institucional. A trav\u00e9s de este medio se establece otra menara de comunicar y compartir con el &#8230; <a title=\"Producciones audiovisuales\" class=\"read-more\" href=\"https:\/\/isss-crr.infd.edu.ar\/sitio\/nuestras-producciones\/produccion-audiovisual\/\" aria-label=\"More on Producciones audiovisuales\">[+]<\/a><\/p>\n","protected":false},"author":1426,"featured_media":1139,"parent":1077,"menu_order":0,"comment_status":"closed","ping_status":"closed","template":"","meta":[],"acf":[],"_links":{"self":[{"href":"https:\/\/isss-crr.infd.edu.ar\/sitio\/wp-json\/wp\/v2\/pages\/961"}],"collection":[{"href":"https:\/\/isss-crr.infd.edu.ar\/sitio\/wp-json\/wp\/v2\/pages"}],"about":[{"href":"https:\/\/isss-crr.infd.edu.ar\/sitio\/wp-json\/wp\/v2\/types\/page"}],"author":[{"embeddable":true,"href":"https:\/\/isss-crr.infd.edu.ar\/sitio\/wp-json\/wp\/v2\/users\/1426"}],"replies":[{"embeddable":true,"href":"https:\/\/isss-crr.infd.edu.ar\/sitio\/wp-json\/wp\/v2\/comments?post=961"}],"version-history":[{"count":11,"href":"https:\/\/isss-crr.infd.edu.ar\/sitio\/wp-json\/wp\/v2\/pages\/961\/revisions"}],"predecessor-version":[{"id":1489,"href":"https:\/\/isss-crr.infd.edu.ar\/sitio\/wp-json\/wp\/v2\/pages\/961\/revisions\/1489"}],"up":[{"embeddable":true,"href":"https:\/\/isss-crr.infd.edu.ar\/sitio\/wp-json\/wp\/v2\/pages\/1077"}],"wp:featuredmedia":[{"embeddable":true,"href":"https:\/\/isss-crr.infd.edu.ar\/sitio\/wp-json\/wp\/v2\/media\/1139"}],"wp:attachment":[{"href":"https:\/\/isss-crr.infd.edu.ar\/sitio\/wp-json\/wp\/v2\/media?parent=961"}],"curies":[{"name":"wp","href":"https:\/\/api.w.org\/{rel}","templated":true}]}}