{"id":945,"date":"2020-11-17T20:23:35","date_gmt":"2020-11-17T23:23:35","guid":{"rendered":"https:\/\/isss-crr.infd.edu.ar\/sitio\/?page_id=945"},"modified":"2020-11-17T20:23:35","modified_gmt":"2020-11-17T23:23:35","slug":"acerca-de-la-carrera-de-trabajo-social","status":"publish","type":"page","link":"https:\/\/isss-crr.infd.edu.ar\/sitio\/acerca-de-la-carrera-de-trabajo-social\/","title":{"rendered":"Acerca de la Carrera de Trabajo Social"},"content":{"rendered":"<h4>Acerca de la carrera<\/h4>\n<p><strong>Fundamentos<\/strong><\/p>\n<p>El perfil acad\u00e9mico o de formaci\u00f3n, define los conocimientos, las actitudes y las competencias que deben desarrollarse en el proceso de formaci\u00f3n para garantizar el desempe\u00f1o adecuado de las funciones, actividades y tareas dise\u00f1adas en el quehacer profesional y que son propias del trabajo social.<\/p>\n<p>Se pretende formar a un profesional que pueda enfrentar exitosamente los retos contempor\u00e1neos, para lo cual debe tener densidad te\u00f3rica; no puede ser solamente un buen operador. No basta tener un cuadro de referencias que le permitan comprender el ahora; es necesario tener competencia interventiva, operativa; competencia t\u00e9cnica. Debe, no solo comprender la necesidad de la acci\u00f3n, sino saber c\u00f3mo implementar la acci\u00f3n. El momento hist\u00f3rico actual demanda la renovaci\u00f3n del trabajo social la que se har\u00e1 efectiva con la construcci\u00f3n de una nueva identidad profesional, no con la desjerarquizaci\u00f3n o desaparici\u00f3n de la profesi\u00f3n.<\/p>\n","protected":false},"excerpt":{"rendered":"<p>Acerca de la carrera Fundamentos El perfil acad\u00e9mico o de formaci\u00f3n, define los conocimientos, las actitudes y las competencias que deben desarrollarse en el proceso de formaci\u00f3n para garantizar el desempe\u00f1o adecuado de las funciones, actividades y tareas dise\u00f1adas en el quehacer profesional y que son propias del trabajo social. Se pretende formar a un &#8230; <a title=\"Acerca de la Carrera de Trabajo Social\" class=\"read-more\" href=\"https:\/\/isss-crr.infd.edu.ar\/sitio\/acerca-de-la-carrera-de-trabajo-social\/\" aria-label=\"More on Acerca de la Carrera de Trabajo Social\">[+]<\/a><\/p>\n","protected":false},"author":1426,"featured_media":0,"parent":0,"menu_order":0,"comment_status":"closed","ping_status":"closed","template":"","meta":[],"acf":[],"_links":{"self":[{"href":"https:\/\/isss-crr.infd.edu.ar\/sitio\/wp-json\/wp\/v2\/pages\/945"}],"collection":[{"href":"https:\/\/isss-crr.infd.edu.ar\/sitio\/wp-json\/wp\/v2\/pages"}],"about":[{"href":"https:\/\/isss-crr.infd.edu.ar\/sitio\/wp-json\/wp\/v2\/types\/page"}],"author":[{"embeddable":true,"href":"https:\/\/isss-crr.infd.edu.ar\/sitio\/wp-json\/wp\/v2\/users\/1426"}],"replies":[{"embeddable":true,"href":"https:\/\/isss-crr.infd.edu.ar\/sitio\/wp-json\/wp\/v2\/comments?post=945"}],"version-history":[{"count":1,"href":"https:\/\/isss-crr.infd.edu.ar\/sitio\/wp-json\/wp\/v2\/pages\/945\/revisions"}],"predecessor-version":[{"id":946,"href":"https:\/\/isss-crr.infd.edu.ar\/sitio\/wp-json\/wp\/v2\/pages\/945\/revisions\/946"}],"wp:attachment":[{"href":"https:\/\/isss-crr.infd.edu.ar\/sitio\/wp-json\/wp\/v2\/media?parent=945"}],"curies":[{"name":"wp","href":"https:\/\/api.w.org\/{rel}","templated":true}]}}