{"id":923,"date":"2020-09-13T22:56:52","date_gmt":"2020-09-14T01:56:52","guid":{"rendered":"https:\/\/isss-crr.infd.edu.ar\/sitio\/?page_id=923"},"modified":"2020-09-13T22:57:11","modified_gmt":"2020-09-14T01:57:11","slug":"perfil-del-egresado-de-la-carrera-de-comunicacion-social","status":"publish","type":"page","link":"https:\/\/isss-crr.infd.edu.ar\/sitio\/perfil-del-egresado-de-la-carrera-de-comunicacion-social\/","title":{"rendered":"Perfil del Egresado de la Carrera de Comunicaci\u00f3n Social"},"content":{"rendered":"<p><strong>Perfil del Egresado<\/strong><\/p>\n<p>En el \u00e1mbito de la comunicaci\u00f3n social, como actividad que requiere profesionalizaci\u00f3n, se impone la necesidad de fortalecer la capacidad de las comunidades locales y regiones para adaptarse a los cambios del mercado, las nuevas tecnolog\u00edas de la informaci\u00f3n y la comunicaci\u00f3n y aprovechar las oportunidades de negocios que le proporcionen crecimiento econ\u00f3mico. Ello implica que se debe contar con los recursos humanos locales que sepan manejar y aprovechar los beneficios que se generen. Entre las tendencias que marcan lineamientos para los nuevos perfiles profesionales destacamos a nuestros fines las siguientes:<\/p>\n<ul>\n<li>El MERCOSUR acelerar\u00e1 la integraci\u00f3n de sus miembros, por lo que se pronostican incrementos en los vol\u00famenes de demanda con exigencia de mayores niveles de calidad.<\/li>\n<li>Aumento de micro emprendimientos y propuestas de autoempleo.<\/li>\n<li>Disponibilidad de l\u00edneas de cr\u00e9ditos para emprendimientos comunicacionales, recreativos y educativos sostenibles en Latinoam\u00e9rica.<\/li>\n<li>Mayor demanda mundial de especialidades en torno a los cambios en la cultura de la comunicaci\u00f3n.<\/li>\n<li>Valorizaci\u00f3n creciente de la atenci\u00f3n personalizada, y de la tipicidad, autenticidad, estilo propio y calidad de los productos y servicios.<\/li>\n<li>Organizaci\u00f3n en nuevas formas de integraci\u00f3n empresaria de prestadores locales de servicios.<\/li>\n<li>Creciente demanda de especificidades locales en torno a la masificaci\u00f3n de las problem\u00e1ticas socio-culturales, identitarias y pol\u00edticas.<\/li>\n<\/ul>\n","protected":false},"excerpt":{"rendered":"<p>Perfil del Egresado En el \u00e1mbito de la comunicaci\u00f3n social, como actividad que requiere profesionalizaci\u00f3n, se impone la necesidad de fortalecer la capacidad de las comunidades locales y regiones para adaptarse a los cambios del mercado, las nuevas tecnolog\u00edas de la informaci\u00f3n y la comunicaci\u00f3n y aprovechar las oportunidades de negocios que le proporcionen crecimiento &#8230; <a title=\"Perfil del Egresado de la Carrera de Comunicaci\u00f3n Social\" class=\"read-more\" href=\"https:\/\/isss-crr.infd.edu.ar\/sitio\/perfil-del-egresado-de-la-carrera-de-comunicacion-social\/\" aria-label=\"More on Perfil del Egresado de la Carrera de Comunicaci\u00f3n Social\">[+]<\/a><\/p>\n","protected":false},"author":1426,"featured_media":0,"parent":0,"menu_order":0,"comment_status":"closed","ping_status":"closed","template":"","meta":[],"acf":[],"_links":{"self":[{"href":"https:\/\/isss-crr.infd.edu.ar\/sitio\/wp-json\/wp\/v2\/pages\/923"}],"collection":[{"href":"https:\/\/isss-crr.infd.edu.ar\/sitio\/wp-json\/wp\/v2\/pages"}],"about":[{"href":"https:\/\/isss-crr.infd.edu.ar\/sitio\/wp-json\/wp\/v2\/types\/page"}],"author":[{"embeddable":true,"href":"https:\/\/isss-crr.infd.edu.ar\/sitio\/wp-json\/wp\/v2\/users\/1426"}],"replies":[{"embeddable":true,"href":"https:\/\/isss-crr.infd.edu.ar\/sitio\/wp-json\/wp\/v2\/comments?post=923"}],"version-history":[{"count":2,"href":"https:\/\/isss-crr.infd.edu.ar\/sitio\/wp-json\/wp\/v2\/pages\/923\/revisions"}],"predecessor-version":[{"id":925,"href":"https:\/\/isss-crr.infd.edu.ar\/sitio\/wp-json\/wp\/v2\/pages\/923\/revisions\/925"}],"wp:attachment":[{"href":"https:\/\/isss-crr.infd.edu.ar\/sitio\/wp-json\/wp\/v2\/media?parent=923"}],"curies":[{"name":"wp","href":"https:\/\/api.w.org\/{rel}","templated":true}]}}