{"id":919,"date":"2020-09-13T22:53:09","date_gmt":"2020-09-14T01:53:09","guid":{"rendered":"https:\/\/isss-crr.infd.edu.ar\/sitio\/?page_id=919"},"modified":"2020-09-13T22:53:09","modified_gmt":"2020-09-14T01:53:09","slug":"plan-de-estudio-de-la-carrera-de-comunicacion-social","status":"publish","type":"page","link":"https:\/\/isss-crr.infd.edu.ar\/sitio\/plan-de-estudio-de-la-carrera-de-comunicacion-social\/","title":{"rendered":"Plan de Estudio de la Carrera de Comunicaci\u00f3n Social"},"content":{"rendered":"<p>&nbsp;<\/p>\n<p><strong>Plan de estudios<\/strong><\/p>\n<p>PRIMER A\u00d1O<\/p>\n<p>1 Relaci\u00f3n, Estado Sociedad\u00a0 \u2026\u2026\u2026\u2026\u2026\u2026\u2026\u2026\u2026\u2026\u2026\u2026\u2026\u2026\u2026\u2026\u2026\u2026\u2026\u2026\u2026\u2026\u2026 2do. cuatrimestre<\/p>\n<p>2 Introducci\u00f3n a los estudios de la comunicaci\u00f3n \u2026\u2026\u2026\u2026\u2026\u2026\u2026\u2026\u2026\u2026\u2026\u2026 Anual<\/p>\n<p>3 Semiolog\u00eda y An\u00e1lisis del Discurso \u2026\u2026\u2026\u2026\u2026\u2026\u2026\u2026\u2026\u2026\u2026\u2026\u2026\u2026\u2026\u2026\u2026\u2026\u2026 Anual<\/p>\n<p>4 Teor\u00eda de la Comunicaci\u00f3n \u2026\u2026\u2026\u2026\u2026\u2026\u2026\u2026\u2026\u2026\u2026\u2026\u2026\u2026\u2026\u2026\u2026\u2026\u2026\u2026\u2026\u2026\u2026. Anual<\/p>\n<p>5 Lenguaje y Producci\u00f3n Gr\u00e1fica I \u2026\u2026\u2026\u2026\u2026\u2026\u2026\u2026\u2026\u2026\u2026\u2026\u2026\u2026\u2026\u2026\u2026\u2026\u2026\u2026. 1er cuatrimestre<\/p>\n<p>6 Taller de Comunicaci\u00f3n Audiovisual I \u2026\u2026\u2026\u2026\u2026\u2026\u2026\u2026\u2026\u2026\u2026\u2026\u2026\u2026\u2026\u2026\u2026. 2do cuatrimestre<\/p>\n<p>7 Tecnolog\u00edas de la informaci\u00f3n y la comunicaci\u00f3n \u2026\u2026\u2026\u2026\u2026\u2026\u2026\u2026\u2026\u2026\u2026.\u00a0 Anual<\/p>\n<p>8 Expresi\u00f3n Oral y Escrita \u2026\u2026\u2026\u2026\u2026\u2026\u2026\u2026\u2026\u2026\u2026\u2026\u2026\u2026\u2026\u2026\u2026\u2026\u2026\u2026\u2026\u2026\u2026\u2026. Anual<\/p>\n<p>9 Pr\u00e1ctica Profesional I:<\/p>\n<p>Dise\u00f1o de Proyectos Culturales<\/p>\n<p>y Comunicativos \u2026\u2026\u2026\u2026\u2026\u2026\u2026\u2026\u2026\u2026\u2026\u2026\u2026\u2026\u2026\u2026\u2026\u2026\u2026\u2026\u2026\u2026\u2026\u2026\u2026\u2026\u2026\u2026\u2026. Anual<\/p>\n<p>10 Introducci\u00f3n al Desarrollo Local \u2026\u2026\u2026\u2026\u2026\u2026\u2026\u2026\u2026\u2026\u2026\u2026\u2026\u2026\u2026\u2026\u2026\u2026\u2026 1er cuatrimestre<\/p>\n<p>SEGUNDO A\u00d1O<\/p>\n<p>11 Sociolog\u00eda General \u2026\u2026\u2026\u2026\u2026\u2026\u2026\u2026\u2026\u2026\u2026\u2026\u2026\u2026\u2026\u2026\u2026\u2026\u2026\u2026\u2026\u2026\u2026\u2026\u2026..2do Cuatrimestre<\/p>\n<p>12 Procesos Pol\u00edticos, Econ\u00f3micos y<\/p>\n<p>el Mundo del Trabajo \u2026\u2026\u2026\u2026\u2026\u2026\u2026\u2026\u2026\u2026\u2026\u2026\u2026\u2026\u2026\u2026\u2026\u2026\u2026\u2026\u2026\u2026\u2026\u2026\u2026. 1er Cuatrimestre<\/p>\n<p>13 Cultura y Comunicaci\u00f3n Contempor\u00e1nea \u2026\u2026\u2026\u2026\u2026\u2026\u2026\u2026\u2026\u2026\u2026\u2026\u2026\u00a0 2do. Cuatrimestre<\/p>\n<p>14 Historia Argentina y<\/p>\n<p>Latinoamericana Contempor\u00e1nea \u2026\u2026\u2026\u2026\u2026\u2026\u2026\u2026\u2026\u2026\u2026\u2026\u2026\u2026\u2026\u2026\u2026\u2026. Anual<\/p>\n<p>15 Ingl\u00e9s T\u00e9cnico \u2026\u2026\u2026\u2026\u2026\u2026\u2026\u2026\u2026\u2026\u2026\u2026\u2026\u2026\u2026\u2026\u2026\u2026\u2026\u2026\u2026\u2026\u2026\u2026\u2026\u2026\u2026. Anual<\/p>\n<p>16 Portugu\u00e9s T\u00e9cnico \u2026\u2026\u2026\u2026\u2026\u2026\u2026\u2026\u2026\u2026\u2026\u2026\u2026\u2026\u2026\u2026\u2026\u2026\u2026\u2026\u2026\u2026\u2026\u2026\u2026 Anual<\/p>\n<p>17 Opini\u00f3n P\u00fablica y Consumos Culturales \u2026\u2026\u2026\u2026\u2026\u2026\u2026\u2026\u2026\u2026\u2026\u2026\u2026. Anual<\/p>\n<p>18 Pr\u00e1ctica Profesional II:<\/p>\n<p>Acci\u00f3n participativa aplicada a la comunicaci\u00f3n<\/p>\n<p>social para el desarrollo local \u2026\u2026\u2026\u2026\u2026\u2026\u2026\u2026\u2026\u2026\u2026\u2026\u2026\u2026\u2026\u2026\u2026\u2026\u2026\u2026.. Anual<\/p>\n<p>19 Taller de Comunicaci\u00f3n Audiovisual II \u2026\u2026\u2026\u2026\u2026\u2026\u2026\u2026\u2026\u2026\u2026\u2026\u2026\u2026 1re Cuatrimestre<\/p>\n<p>20 Lenguaje y Producci\u00f3n Gr\u00e1fica II \u2026\u2026\u2026\u2026\u2026\u2026\u2026\u2026\u2026\u2026\u2026\u2026\u2026\u2026\u2026\u2026.. 2do. Cuatrimestre<\/p>\n<p>TERCER A\u00d1O<\/p>\n<p>21 Publicidad y Propaganda \u2026\u2026\u2026\u2026\u2026\u2026\u2026\u2026\u2026\u2026\u2026\u2026\u2026\u2026\u2026\u2026\u2026\u2026\u2026\u2026\u2026.. Anual<\/p>\n<p>22 Pr\u00e1ctica Profesional III: Pasant\u00eda \u2026\u2026\u2026\u2026\u2026\u2026\u2026\u2026\u2026\u2026\u2026\u2026\u2026\u2026\u2026\u2026\u2026 Anual<\/p>\n<p>23 Gesti\u00f3n, Producci\u00f3n y administraci\u00f3n<\/p>\n<p>de proyectos comunicacionales y<\/p>\n<p>medios de comunicaci\u00f3n social \u2026\u2026\u2026\u2026\u2026\u2026\u2026\u2026\u2026\u2026\u2026\u2026\u2026\u2026\u2026\u2026\u2026\u2026\u2026. Anual<\/p>\n<p>24 Comunicaci\u00f3n, Sociedad y Desarrollo Local \u2026\u2026\u2026\u2026\u2026\u2026\u2026\u2026\u2026\u2026\u2026 1re Cuatrimestre<\/p>\n<p>25 Arte y Literatura \u2026\u2026\u2026\u2026\u2026\u2026\u2026\u2026\u2026\u2026\u2026\u2026\u2026\u2026\u2026\u2026\u2026\u2026\u2026\u2026\u2026\u2026\u2026\u2026\u2026. 1er Cuatrimestre<\/p>\n<p>26 \u00c9tica y Deontolog\u00eda profesional \u2026\u2026\u2026\u2026\u2026\u2026\u2026\u2026\u2026\u2026\u2026\u2026\u2026\u2026\u2026\u2026\u2026. 2do Cuatrimestre<\/p>\n<p>27 Fundamentos de Econom\u00eda \u2026\u2026\u2026\u2026\u2026\u2026\u2026\u2026\u2026\u2026\u2026\u2026\u2026\u2026\u2026\u2026\u2026\u2026\u2026.. 2do. Cuatrimestre<\/p>\n<p>28 Taller de Comunicaci\u00f3n para el Desarrollo Local \u2026\u2026\u2026\u2026\u2026\u2026\u2026\u2026. 2do. Cuatrimestre<\/p>\n<p>29 Pensamiento Pol\u00edtico, Econ\u00f3mico<\/p>\n<p>y Social Contempor\u00e1neo \u2026\u2026\u2026\u2026\u2026\u2026\u2026\u2026\u2026\u2026\u2026\u2026\u2026\u2026\u2026\u2026\u2026\u2026\u2026\u2026\u2026\u2026\u20261er. Cuatrimestre<\/p>\n<hr \/>\n<p>&nbsp;<\/p>\n<p>&nbsp;<\/p>\n<p>&nbsp;<\/p>\n<p>&nbsp;<\/p>\n<h4>Carga horaria<\/h4>\n<p style=\"text-align: center;\"><strong> Horas C\u00e1tedra:\u00a0 <b>3072<\/b><br \/>\n<\/strong><br \/>\n<strong>Horas reloj: <b>2047<\/b><br \/>\n<\/strong><\/p>\n<h5>\u00a0 DURACI\u00d3N DE LA CARRERA: 3 (tres) a\u00f1os<\/h5>\n<p>&nbsp;<\/p>\n<p>&nbsp;<\/p>\n","protected":false},"excerpt":{"rendered":"<p>&nbsp; Plan de estudios PRIMER A\u00d1O 1 Relaci\u00f3n, Estado Sociedad\u00a0 \u2026\u2026\u2026\u2026\u2026\u2026\u2026\u2026\u2026\u2026\u2026\u2026\u2026\u2026\u2026\u2026\u2026\u2026\u2026\u2026\u2026\u2026\u2026 2do. cuatrimestre 2 Introducci\u00f3n a los estudios de la comunicaci\u00f3n \u2026\u2026\u2026\u2026\u2026\u2026\u2026\u2026\u2026\u2026\u2026\u2026 Anual 3 Semiolog\u00eda y An\u00e1lisis del Discurso \u2026\u2026\u2026\u2026\u2026\u2026\u2026\u2026\u2026\u2026\u2026\u2026\u2026\u2026\u2026\u2026\u2026\u2026\u2026 Anual 4 Teor\u00eda de la Comunicaci\u00f3n \u2026\u2026\u2026\u2026\u2026\u2026\u2026\u2026\u2026\u2026\u2026\u2026\u2026\u2026\u2026\u2026\u2026\u2026\u2026\u2026\u2026\u2026\u2026. Anual 5 Lenguaje y Producci\u00f3n Gr\u00e1fica I \u2026\u2026\u2026\u2026\u2026\u2026\u2026\u2026\u2026\u2026\u2026\u2026\u2026\u2026\u2026\u2026\u2026\u2026\u2026\u2026. 1er cuatrimestre 6 Taller de Comunicaci\u00f3n Audiovisual I \u2026\u2026\u2026\u2026\u2026\u2026\u2026\u2026\u2026\u2026\u2026\u2026\u2026\u2026\u2026\u2026\u2026. 2do &#8230; <a title=\"Plan de Estudio de la Carrera de Comunicaci\u00f3n Social\" class=\"read-more\" href=\"https:\/\/isss-crr.infd.edu.ar\/sitio\/plan-de-estudio-de-la-carrera-de-comunicacion-social\/\" aria-label=\"More on Plan de Estudio de la Carrera de Comunicaci\u00f3n Social\">[+]<\/a><\/p>\n","protected":false},"author":1426,"featured_media":0,"parent":0,"menu_order":0,"comment_status":"closed","ping_status":"closed","template":"","meta":[],"acf":[],"_links":{"self":[{"href":"https:\/\/isss-crr.infd.edu.ar\/sitio\/wp-json\/wp\/v2\/pages\/919"}],"collection":[{"href":"https:\/\/isss-crr.infd.edu.ar\/sitio\/wp-json\/wp\/v2\/pages"}],"about":[{"href":"https:\/\/isss-crr.infd.edu.ar\/sitio\/wp-json\/wp\/v2\/types\/page"}],"author":[{"embeddable":true,"href":"https:\/\/isss-crr.infd.edu.ar\/sitio\/wp-json\/wp\/v2\/users\/1426"}],"replies":[{"embeddable":true,"href":"https:\/\/isss-crr.infd.edu.ar\/sitio\/wp-json\/wp\/v2\/comments?post=919"}],"version-history":[{"count":3,"href":"https:\/\/isss-crr.infd.edu.ar\/sitio\/wp-json\/wp\/v2\/pages\/919\/revisions"}],"predecessor-version":[{"id":922,"href":"https:\/\/isss-crr.infd.edu.ar\/sitio\/wp-json\/wp\/v2\/pages\/919\/revisions\/922"}],"wp:attachment":[{"href":"https:\/\/isss-crr.infd.edu.ar\/sitio\/wp-json\/wp\/v2\/media?parent=919"}],"curies":[{"name":"wp","href":"https:\/\/api.w.org\/{rel}","templated":true}]}}