{"id":644,"date":"2018-06-18T14:12:35","date_gmt":"2018-06-18T17:12:35","guid":{"rendered":"https:\/\/isss-crr.infd.edu.ar\/sitio\/?page_id=644"},"modified":"2020-11-04T17:19:20","modified_gmt":"2020-11-04T20:19:20","slug":"catalogo","status":"publish","type":"page","link":"https:\/\/isss-crr.infd.edu.ar\/sitio\/catalogo\/","title":{"rendered":"Carreras"},"content":{"rendered":"<p><img decoding=\"async\" loading=\"lazy\" class=\"alignnone size-full wp-image-958\" src=\"https:\/\/isss-crr.infd.edu.ar\/sitio\/wp-content\/uploads\/2020\/09\/Beige-Ilustrado-Empresa_Contratista-Construcci\u00f3n-Portada-de-Facebook.gif\" alt=\"\" width=\"820\" height=\"312\" \/><\/p>\n<p>&nbsp;<\/p>\n<p><a href=\"https:\/\/isss-crr.infd.edu.ar\/sitio\/catalogo\/plan-de-estudio\/\">Trabajo Social<\/a><\/p>\n<p><a href=\"https:\/\/isss-crr.infd.edu.ar\/sitio\/catalogo-plan-de-estudio-enfermeria\/\">Enfermer\u00eda<\/a><\/p>\n<p><a href=\"https:\/\/isss-crr.infd.edu.ar\/sitio\/catalogo-plan-de-estudio-comunicacion-social\/\">Comunicaci\u00f3n Social<\/a><\/p>\n<p><a href=\"https:\/\/isss-crr.infd.edu.ar\/sitio\/catalogo-plan-de-estudio-educacion-y-seguridad-vial\/\">Educaci\u00f3n y Seguridad Vial\u00a0<\/a><\/p>\n<p><a href=\"https:\/\/isss-crr.infd.edu.ar\/sitio\/infraestructura-en-informatica\/\">Infraestructura Inform\u00e1tica\u00a0<\/a><\/p>\n","protected":false},"excerpt":{"rendered":"<p>&nbsp; Trabajo Social Enfermer\u00eda Comunicaci\u00f3n Social Educaci\u00f3n y Seguridad Vial\u00a0 Infraestructura Inform\u00e1tica\u00a0<\/p>\n","protected":false},"author":1,"featured_media":0,"parent":0,"menu_order":0,"comment_status":"closed","ping_status":"closed","template":"","meta":[],"acf":[],"_links":{"self":[{"href":"https:\/\/isss-crr.infd.edu.ar\/sitio\/wp-json\/wp\/v2\/pages\/644"}],"collection":[{"href":"https:\/\/isss-crr.infd.edu.ar\/sitio\/wp-json\/wp\/v2\/pages"}],"about":[{"href":"https:\/\/isss-crr.infd.edu.ar\/sitio\/wp-json\/wp\/v2\/types\/page"}],"author":[{"embeddable":true,"href":"https:\/\/isss-crr.infd.edu.ar\/sitio\/wp-json\/wp\/v2\/users\/1"}],"replies":[{"embeddable":true,"href":"https:\/\/isss-crr.infd.edu.ar\/sitio\/wp-json\/wp\/v2\/comments?post=644"}],"version-history":[{"count":11,"href":"https:\/\/isss-crr.infd.edu.ar\/sitio\/wp-json\/wp\/v2\/pages\/644\/revisions"}],"predecessor-version":[{"id":1102,"href":"https:\/\/isss-crr.infd.edu.ar\/sitio\/wp-json\/wp\/v2\/pages\/644\/revisions\/1102"}],"wp:attachment":[{"href":"https:\/\/isss-crr.infd.edu.ar\/sitio\/wp-json\/wp\/v2\/media?parent=644"}],"curies":[{"name":"wp","href":"https:\/\/api.w.org\/{rel}","templated":true}]}}