{"id":1491,"date":"2025-09-10T16:45:57","date_gmt":"2025-09-10T19:45:57","guid":{"rendered":"https:\/\/isss-crr.infd.edu.ar\/sitio\/?page_id=1491"},"modified":"2025-12-10T16:20:14","modified_gmt":"2025-12-10T19:20:14","slug":"revista-enlace","status":"publish","type":"page","link":"https:\/\/isss-crr.infd.edu.ar\/sitio\/nuestras-producciones\/revista-enlace\/","title":{"rendered":"Revista Enlace"},"content":{"rendered":"\n<p>La creaci\u00f3n de la revista digital de Trabajo Social ENLACE responde a la necesidad de contar con un espacio de reflexi\u00f3n, difusi\u00f3n de conocimientos y actualizaci\u00f3n constante sobre las tem\u00e1ticas sociales m\u00e1s relevantes para la profesi\u00f3n y la disciplina. Todo esto con enfoque en la promoci\u00f3n de la justicia social, la equidad y el bienestar colectivo.<\/p>\n\n\n\n<figure class=\"wp-block-image size-full\"><img decoding=\"async\" loading=\"lazy\" width=\"1080\" height=\"1532\" src=\"https:\/\/isss-crr.infd.edu.ar\/sitio\/wp-content\/uploads\/2025\/09\/image.png\" alt=\"\" class=\"wp-image-1496\" srcset=\"https:\/\/isss-crr.infd.edu.ar\/sitio\/wp-content\/uploads\/2025\/09\/image.png 1080w, https:\/\/isss-crr.infd.edu.ar\/sitio\/wp-content\/uploads\/2025\/09\/image-705x1000.png 705w, https:\/\/isss-crr.infd.edu.ar\/sitio\/wp-content\/uploads\/2025\/09\/image-768x1089.png 768w\" sizes=\"(max-width: 1080px) 100vw, 1080px\" \/><\/figure>\n\n\n\n<p><br>La revista ENLACE es tambi\u00e9n un gesto pedag\u00f3gico para habilitar la palabra y la escritura de las y los estudiantes. En cada n\u00famero abordaremos temas que nos interpelan directamente, como:<br>&#x1f539; La precarizaci\u00f3n laboral <br>&#x1f539; La criminalizaci\u00f3n de la pobreza<br>&#x1f539; Las m\u00faltiples violencias<br>&#x1f539; La crisis ambiental<br>&#x1f539; Y la necesidad de construir pr\u00e1cticas profesionales y pre profesionales que sean emancipadoras<br><br>Equipo:<br><br>Docentes responsables del proyecto: Mariana Villalonga y Carolina Leguizam\u00f3n<br><br>Estudiantes: Ver\u00f3nica Santa Cruz, Ludmila Sol\u00eds, Milagros Ram\u00edrez, Anah\u00ed \u00c1lvarez<br><br>Trabajadora Social: Ranza Ojeda Yunes (recibida recientemente en el Instituto)<br><br>&#x1f4da; Pod\u00e9s leerla ac\u00e1 &#x1f449;<br><a href=\"https:\/\/www.canva.com\/design\/DAGnF8--e_w\/immzGzQxqNrUxaVFeUqT5g\/view?utm_content=DAGnF8--e_w&amp;utm_campaign=designshare&amp;utm_medium=link2&amp;utm_source=uniquelinks&amp;utlId=h45ae5bf9ca\">https:\/\/www.canva.com\/design\/DAGnF8&#8211;e_w\/immzGzQxqNrUxaVFeUqT5g\/view?utm_content=DAGnF8&#8211;e_w&amp;utm_campaign=designshare&amp;utm_medium=link2&amp;utm_source=uniquelinks&amp;utlId=h45ae5bf9ca<\/a><\/p>\n\n\n<p>En el d\u00eda del Trabajo Social nos damos el gusto de socializar la segunda entrega de la Revista de Trabajo Social ENLACE.<\/p>\n<p><img decoding=\"async\" loading=\"lazy\" class=\"alignnone size-full wp-image-1499\" src=\"https:\/\/isss-crr.infd.edu.ar\/sitio\/wp-content\/uploads\/2025\/12\/Captura.jpg\" alt=\"\" width=\"420\" height=\"551\" \/><\/p>\n<p>&#x1f449; En esta edici\u00f3n, nos proponemos hacer hablar al elefante y que la caja que lo contiene muestre sus fisuras, que explote, que haga visible la realidad que se niega en el intento de contener y disimular al elefante.<br \/>La imagen de portada remite a una met\u00e1fora pol\u00edtica, no en ese uso cobarde que busca simplificar o eludir la realidad para ahorrarse explicar las contradicciones evidentes de la vida, sino en la dimensi\u00f3n de la cr\u00edtica que resiste contra los discursos hegem\u00f3nicos y la naturalizaci\u00f3n de formas de vida que se imponen esperando la aceptaci\u00f3n sumisa de los m\u00e1s desfavorecidos.<\/p>\n<p>&#x1f64c; El equipo que hace posible darle vida a este proyecto: <br \/>&#8211; Lic. Carolina Leguizam\u00f3n.<br \/>&#8211; Ps. Mariana Villalonga<br \/>&#8211; Ranza Ojeda Yunes. Trabajadora Social <br \/>&#8211; Ver\u00f3nica Santa Cruz. Estudiante de T. S.<br \/>&#8211; Milagros Ram\u00edrez. Estudiante de T.S.<br \/>&#8211; Ludmila Solis. Estudiante de T.S.<br \/>&#8211; Anah\u00ed Alvarez. Estudiante de T.S.<br \/>Agradecemos a quienes han participado en esta segunda edici\u00f3n con tan necesarios art\u00edculos:<br \/>&#8211; Mar\u00eda Concepci\u00f3n Bar<br \/>&#8211; Alejandra Acu\u00f1a <br \/>&#8211; Nelson Delpino <br \/>Para leerla&#x1f447;&#x1f3fc; https:\/\/drive.google.com\/file\/d\/1o5UrGD7Myxbmd5dpTZ8W5M70-JH2OQYk\/view?usp=drivesdk<\/p>","protected":false},"excerpt":{"rendered":"<p>La creaci\u00f3n de la revista digital de Trabajo Social ENLACE responde a la necesidad de contar con un espacio de reflexi\u00f3n, difusi\u00f3n de conocimientos y actualizaci\u00f3n constante sobre las tem\u00e1ticas sociales m\u00e1s relevantes para la profesi\u00f3n y la disciplina. Todo esto con enfoque en la promoci\u00f3n de la justicia social, la equidad y el bienestar &#8230; <a title=\"Revista Enlace\" class=\"read-more\" href=\"https:\/\/isss-crr.infd.edu.ar\/sitio\/nuestras-producciones\/revista-enlace\/\" aria-label=\"More on Revista Enlace\">[+]<\/a><\/p>\n","protected":false},"author":11,"featured_media":0,"parent":1077,"menu_order":0,"comment_status":"closed","ping_status":"closed","template":"","meta":[],"acf":[],"_links":{"self":[{"href":"https:\/\/isss-crr.infd.edu.ar\/sitio\/wp-json\/wp\/v2\/pages\/1491"}],"collection":[{"href":"https:\/\/isss-crr.infd.edu.ar\/sitio\/wp-json\/wp\/v2\/pages"}],"about":[{"href":"https:\/\/isss-crr.infd.edu.ar\/sitio\/wp-json\/wp\/v2\/types\/page"}],"author":[{"embeddable":true,"href":"https:\/\/isss-crr.infd.edu.ar\/sitio\/wp-json\/wp\/v2\/users\/11"}],"replies":[{"embeddable":true,"href":"https:\/\/isss-crr.infd.edu.ar\/sitio\/wp-json\/wp\/v2\/comments?post=1491"}],"version-history":[{"count":5,"href":"https:\/\/isss-crr.infd.edu.ar\/sitio\/wp-json\/wp\/v2\/pages\/1491\/revisions"}],"predecessor-version":[{"id":1504,"href":"https:\/\/isss-crr.infd.edu.ar\/sitio\/wp-json\/wp\/v2\/pages\/1491\/revisions\/1504"}],"up":[{"embeddable":true,"href":"https:\/\/isss-crr.infd.edu.ar\/sitio\/wp-json\/wp\/v2\/pages\/1077"}],"wp:attachment":[{"href":"https:\/\/isss-crr.infd.edu.ar\/sitio\/wp-json\/wp\/v2\/media?parent=1491"}],"curies":[{"name":"wp","href":"https:\/\/api.w.org\/{rel}","templated":true}]}}