{"id":1131,"date":"2020-11-04T20:09:15","date_gmt":"2020-11-04T23:09:15","guid":{"rendered":"https:\/\/isss-crr.infd.edu.ar\/sitio\/?page_id=1131"},"modified":"2023-04-24T17:53:52","modified_gmt":"2023-04-24T20:53:52","slug":"historia","status":"publish","type":"page","link":"https:\/\/isss-crr.infd.edu.ar\/sitio\/institucional\/historia\/","title":{"rendered":"Historia"},"content":{"rendered":"<p><iframe loading=\"lazy\" width=\"1200\" height=\"900\" src=\"https:\/\/www.youtube.com\/embed\/kXd4WId4OR8?feature=oembed\" frameborder=\"0\" allow=\"accelerometer; autoplay; clipboard-write; encrypted-media; gyroscope; picture-in-picture\" allowfullscreen><\/iframe><\/p>\n<p><span style=\"font-weight: 400;\">Las instituciones al formarse, tienen un porqu\u00e9, un c\u00f3mo, un\u00a0 d\u00f3nde y es aqu\u00ed donde la investigaci\u00f3n y el rescate de la memoria\u00a0 nos transporta al a\u00f1o 1965 donde se comienza a gestar la idea de\u00a0 crear la Escuela de Asistentes Sociales promovida por Comisi\u00f3n\u00a0 Directiva de la filial Corrientes de la Uni\u00f3n de Mujeres\u00a0 Americanas de la Rep\u00fablica Argentina (UMARA), inspirada en\u00a0 los principios fundamentales de \u201cla elevaci\u00f3n del nivel de la\u00a0 mujer en los planos de su lucha por la vida y la soluci\u00f3n de sus\u00a0 problemas conexos, en defensa de los principios vitales de\u00a0 nuestra civilizaci\u00f3n occidental y para preservar con ella, los m\u00e1s\u00a0 puros valores que informan la libertad, la paz y el progreso de\u00a0 \u00e9stos pueblos.\u201d Dando inicio su actividad acad\u00e9mica la Escuela\u00a0 de Asistentes Sociales \u201cRemedios Escalada de San Mart\u00edn\u201d como\u00a0 instituci\u00f3n privada el 30 de Marzo del a\u00f1o 1966. Leer m\u00e1s sobre la\u00a0<\/span><a href=\"https:\/\/drive.google.com\/file\/d\/1gbJCu2MZkcYb4RYLF9Fmu1P9fzCvjqvk\/view?usp=sharing\">construcci\u00f3n de la memoria hist\u00f3rica de la instituci\u00f3n.<\/a><\/p>\n<p>&nbsp;<\/p>\n<p>&nbsp;<\/p>\n<p>&nbsp;<\/p>\n<p>&nbsp;<\/p>\n<p>&nbsp;<\/p>\n<p>&nbsp;<\/p>\n<p>&nbsp;<\/p>\n<p>&nbsp;<\/p>\n","protected":false},"excerpt":{"rendered":"<p>Las instituciones al formarse, tienen un porqu\u00e9, un c\u00f3mo, un\u00a0 d\u00f3nde y es aqu\u00ed donde la investigaci\u00f3n y el rescate de la memoria\u00a0 nos transporta al a\u00f1o 1965 donde se comienza a gestar la idea de\u00a0 crear la Escuela de Asistentes Sociales promovida por Comisi\u00f3n\u00a0 Directiva de la filial Corrientes de la Uni\u00f3n de Mujeres\u00a0 &#8230; <a title=\"Historia\" class=\"read-more\" href=\"https:\/\/isss-crr.infd.edu.ar\/sitio\/institucional\/historia\/\" aria-label=\"More on Historia\">[+]<\/a><\/p>\n","protected":false},"author":1426,"featured_media":0,"parent":683,"menu_order":0,"comment_status":"closed","ping_status":"closed","template":"","meta":[],"acf":[],"_links":{"self":[{"href":"https:\/\/isss-crr.infd.edu.ar\/sitio\/wp-json\/wp\/v2\/pages\/1131"}],"collection":[{"href":"https:\/\/isss-crr.infd.edu.ar\/sitio\/wp-json\/wp\/v2\/pages"}],"about":[{"href":"https:\/\/isss-crr.infd.edu.ar\/sitio\/wp-json\/wp\/v2\/types\/page"}],"author":[{"embeddable":true,"href":"https:\/\/isss-crr.infd.edu.ar\/sitio\/wp-json\/wp\/v2\/users\/1426"}],"replies":[{"embeddable":true,"href":"https:\/\/isss-crr.infd.edu.ar\/sitio\/wp-json\/wp\/v2\/comments?post=1131"}],"version-history":[{"count":7,"href":"https:\/\/isss-crr.infd.edu.ar\/sitio\/wp-json\/wp\/v2\/pages\/1131\/revisions"}],"predecessor-version":[{"id":1186,"href":"https:\/\/isss-crr.infd.edu.ar\/sitio\/wp-json\/wp\/v2\/pages\/1131\/revisions\/1186"}],"up":[{"embeddable":true,"href":"https:\/\/isss-crr.infd.edu.ar\/sitio\/wp-json\/wp\/v2\/pages\/683"}],"wp:attachment":[{"href":"https:\/\/isss-crr.infd.edu.ar\/sitio\/wp-json\/wp\/v2\/media?parent=1131"}],"curies":[{"name":"wp","href":"https:\/\/api.w.org\/{rel}","templated":true}]}}