{"id":1024,"date":"2020-10-27T12:30:58","date_gmt":"2020-10-27T15:30:58","guid":{"rendered":"https:\/\/isss-crr.infd.edu.ar\/sitio\/?page_id=1024"},"modified":"2020-10-27T12:30:58","modified_gmt":"2020-10-27T15:30:58","slug":"acerca-de-la-carrera-de-enfermeria","status":"publish","type":"page","link":"https:\/\/isss-crr.infd.edu.ar\/sitio\/acerca-de-la-carrera-de-enfermeria\/","title":{"rendered":"Acerca de la Carrera de Enfermer\u00eda"},"content":{"rendered":"<h4>Acerca de la Carrera<\/h4>\n<p>Al desarrollar, planificar, ejecutar y evaluar una acci\u00f3n educativa como es una Tecnicatura en Salud en una comunidad, se deben considerar las caracter\u00edsticas socio-pol\u00edticas, econ\u00f3micas y culturales, las condiciones socio-sanitarias de la comunidad comprometida, como as\u00ed tambi\u00e9n, aspectos singulares y colectivos de las personas, familia, grupos y comunidades y en el marco del equipo de salud.<\/p>\n<p>La atenci\u00f3n de la salud debe responder de modo eficiente, a esa realidad social, pol\u00edtica, econ\u00f3mica, cient\u00edfica y tecnol\u00f3gica, de tal manera que mejore la calidad de la prestaci\u00f3n del cuidado.<\/p>\n<p>El Plan Federal de Salud (Mayo 2004) al que adhiere la Provincia, en su contrapartida que representa el Plan Provincial de salud, trata de orientar el modelo de atenci\u00f3n hacia un sistema descentralizado con criterios epidemiol\u00f3gicos.<\/p>\n<p>En relaci\u00f3n con los recursos humanos se propone dar marco a la formaci\u00f3n, definiendo perfiles y bases curriculares, delimitando prioridades en t\u00e9rminos cuanti y cualitativos y estableciendo criterios de realizaci\u00f3n de las actividades profesionales. A la vez, propicia la articulaci\u00f3n de todas las jurisdicciones tendiendo al intercambio y la cooperaci\u00f3n t\u00e9cnica.<\/p>\n<p>El desarrollo de la carrera profesional del personal de enfermer\u00eda ha de evolucionar en el contexto del conjunto del sistema de salud y ha de permitir la movilidad profesional horizontal y vertical.<\/p>\n<p>En la enfermer\u00eda, la movilidad profesional puede definirse como el paso de las enfermeras a niveles m\u00e1s avanzados, a otros sectores del ejercicio de la enfermer\u00eda o a puestos en los que predominan funciones diferentes, lo que les permite responder a los cambios cient\u00edficos, tecnol\u00f3gicos, sociales, pol\u00edticos y econ\u00f3micos modificando o ampliando las funciones para satisfacer las necesidades de salud que se hayan identificado y, por otro lado, conseguir sus metas profesionales personales que contribuyan a mejorar la profesi\u00f3n de enfermer\u00eda incrementando la competencia de sus miembros.<\/p>\n<p>&nbsp;<\/p>\n","protected":false},"excerpt":{"rendered":"<p>Acerca de la Carrera Al desarrollar, planificar, ejecutar y evaluar una acci\u00f3n educativa como es una Tecnicatura en Salud en una comunidad, se deben considerar las caracter\u00edsticas socio-pol\u00edticas, econ\u00f3micas y culturales, las condiciones socio-sanitarias de la comunidad comprometida, como as\u00ed tambi\u00e9n, aspectos singulares y colectivos de las personas, familia, grupos y comunidades y en el &#8230; <a title=\"Acerca de la Carrera de Enfermer\u00eda\" class=\"read-more\" href=\"https:\/\/isss-crr.infd.edu.ar\/sitio\/acerca-de-la-carrera-de-enfermeria\/\" aria-label=\"More on Acerca de la Carrera de Enfermer\u00eda\">[+]<\/a><\/p>\n","protected":false},"author":1426,"featured_media":0,"parent":0,"menu_order":0,"comment_status":"closed","ping_status":"closed","template":"","meta":[],"acf":[],"_links":{"self":[{"href":"https:\/\/isss-crr.infd.edu.ar\/sitio\/wp-json\/wp\/v2\/pages\/1024"}],"collection":[{"href":"https:\/\/isss-crr.infd.edu.ar\/sitio\/wp-json\/wp\/v2\/pages"}],"about":[{"href":"https:\/\/isss-crr.infd.edu.ar\/sitio\/wp-json\/wp\/v2\/types\/page"}],"author":[{"embeddable":true,"href":"https:\/\/isss-crr.infd.edu.ar\/sitio\/wp-json\/wp\/v2\/users\/1426"}],"replies":[{"embeddable":true,"href":"https:\/\/isss-crr.infd.edu.ar\/sitio\/wp-json\/wp\/v2\/comments?post=1024"}],"version-history":[{"count":1,"href":"https:\/\/isss-crr.infd.edu.ar\/sitio\/wp-json\/wp\/v2\/pages\/1024\/revisions"}],"predecessor-version":[{"id":1025,"href":"https:\/\/isss-crr.infd.edu.ar\/sitio\/wp-json\/wp\/v2\/pages\/1024\/revisions\/1025"}],"wp:attachment":[{"href":"https:\/\/isss-crr.infd.edu.ar\/sitio\/wp-json\/wp\/v2\/media?parent=1024"}],"curies":[{"name":"wp","href":"https:\/\/api.w.org\/{rel}","templated":true}]}}