{"id":1020,"date":"2020-10-27T12:11:28","date_gmt":"2020-10-27T15:11:28","guid":{"rendered":"https:\/\/isss-crr.infd.edu.ar\/sitio\/?page_id=1020"},"modified":"2020-10-27T12:11:28","modified_gmt":"2020-10-27T15:11:28","slug":"perfil-del-egresado-de-la-carrera-de-educacion-y-seguridad-vial","status":"publish","type":"page","link":"https:\/\/isss-crr.infd.edu.ar\/sitio\/perfil-del-egresado-de-la-carrera-de-educacion-y-seguridad-vial\/","title":{"rendered":"Perfil del Egresado de la Carrera de Educaci\u00f3n y Seguridad Vial"},"content":{"rendered":"<h4>Perfil del egresado<\/h4>\n<p>El T\u00e9cnico Superior en Educaci\u00f3n y Seguridad Vial estar\u00e1 capacitado para:<\/p>\n<p>\u2022 Para dise\u00f1ar e implementar pol\u00edticas en materia de prevenci\u00f3n inherentes a la producci\u00f3n de los siniestros viales, mediante m\u00e9todos y t\u00e9cnicas aplicadas a la prevenci\u00f3n y educaci\u00f3n vial.<\/p>\n<p>\u2022 Intervenir en el control de gesti\u00f3n y en las pol\u00edticas de prevenci\u00f3n de accidentes.<\/p>\n<p>\u2022 Entender en los problemas tecnol\u00f3gicos de seguridad vial en los sistemas viales.<\/p>\n<p>\u2022 Determinar y registrar las incidencias de los factores que intervienen en los accidentes.<\/p>\n<p>\u2022 Poner en juego la destreza y la habilidad para programar, ejecutar y supervisar planes y proyectos preventivos y educativos en materia de seguridad vial.<\/p>\n<p>\u2022 Capacitar los recursos humanos necesarios en el \u00e1mbito del tr\u00e1nsito conforme a las legislaciones vigentes.<\/p>\n<p>\u2022 Participar en el dise\u00f1o de pol\u00edticas de prevenci\u00f3n de siniestros viales en organizaciones p\u00fablicas, privadas y ONG, dirigidas a ni\u00f1os, j\u00f3venes y adultos.<\/p>\n<p>\u2022 Brindar por medio de sus conocimientos a la ciudadan\u00eda, organizaciones sociales, gubernamentales y privadas, las herramientas necesarias para el conocimiento y desarrollo de actitudes positivas en la v\u00eda p\u00fablica.<\/p>\n<p>\u2022 Dirigir sus propias consultoras viales.<\/p>\n<p>\u2022 Organizar y desarrollar cursos de capacitaci\u00f3n a diferentes conductores.<\/p>\n","protected":false},"excerpt":{"rendered":"<p>Perfil del egresado El T\u00e9cnico Superior en Educaci\u00f3n y Seguridad Vial estar\u00e1 capacitado para: \u2022 Para dise\u00f1ar e implementar pol\u00edticas en materia de prevenci\u00f3n inherentes a la producci\u00f3n de los siniestros viales, mediante m\u00e9todos y t\u00e9cnicas aplicadas a la prevenci\u00f3n y educaci\u00f3n vial. \u2022 Intervenir en el control de gesti\u00f3n y en las pol\u00edticas de &#8230; <a title=\"Perfil del Egresado de la Carrera de Educaci\u00f3n y Seguridad Vial\" class=\"read-more\" href=\"https:\/\/isss-crr.infd.edu.ar\/sitio\/perfil-del-egresado-de-la-carrera-de-educacion-y-seguridad-vial\/\" aria-label=\"More on Perfil del Egresado de la Carrera de Educaci\u00f3n y Seguridad Vial\">[+]<\/a><\/p>\n","protected":false},"author":1426,"featured_media":0,"parent":0,"menu_order":0,"comment_status":"closed","ping_status":"closed","template":"","meta":[],"acf":[],"_links":{"self":[{"href":"https:\/\/isss-crr.infd.edu.ar\/sitio\/wp-json\/wp\/v2\/pages\/1020"}],"collection":[{"href":"https:\/\/isss-crr.infd.edu.ar\/sitio\/wp-json\/wp\/v2\/pages"}],"about":[{"href":"https:\/\/isss-crr.infd.edu.ar\/sitio\/wp-json\/wp\/v2\/types\/page"}],"author":[{"embeddable":true,"href":"https:\/\/isss-crr.infd.edu.ar\/sitio\/wp-json\/wp\/v2\/users\/1426"}],"replies":[{"embeddable":true,"href":"https:\/\/isss-crr.infd.edu.ar\/sitio\/wp-json\/wp\/v2\/comments?post=1020"}],"version-history":[{"count":1,"href":"https:\/\/isss-crr.infd.edu.ar\/sitio\/wp-json\/wp\/v2\/pages\/1020\/revisions"}],"predecessor-version":[{"id":1021,"href":"https:\/\/isss-crr.infd.edu.ar\/sitio\/wp-json\/wp\/v2\/pages\/1020\/revisions\/1021"}],"wp:attachment":[{"href":"https:\/\/isss-crr.infd.edu.ar\/sitio\/wp-json\/wp\/v2\/media?parent=1020"}],"curies":[{"name":"wp","href":"https:\/\/api.w.org\/{rel}","templated":true}]}}