{"id":1014,"date":"2020-10-27T12:07:19","date_gmt":"2020-10-27T15:07:19","guid":{"rendered":"https:\/\/isss-crr.infd.edu.ar\/sitio\/?page_id=1014"},"modified":"2020-10-27T12:07:19","modified_gmt":"2020-10-27T15:07:19","slug":"acerca-de-la-carrera-de-educacion-y-seguridad-vial","status":"publish","type":"page","link":"https:\/\/isss-crr.infd.edu.ar\/sitio\/acerca-de-la-carrera-de-educacion-y-seguridad-vial\/","title":{"rendered":"Acerca de la carrera de Educaci\u00f3n y Seguridad Vial"},"content":{"rendered":"<h4>Acerca de la carrera<\/h4>\n<p><strong>Fundamentos<\/strong><\/p>\n<p>La seguridad y educaci\u00f3n vial forma parte sustantiva de los deberes indelegables del Estado. Las complejas problem\u00e1ticas en el \u00e1mbito merecen un espacio propio para la reflexi\u00f3n, reformulaci\u00f3n y profundizaci\u00f3n de saberes y estrategias necesarias en materia vial a fin de lograr un cambio y compromiso en la construcci\u00f3n social, siendo imperioso modificar las conductas que conllevan p\u00e9rdidas irreparables y as\u00ed instaurar una cultura vial a trav\u00e9s de la concientizaci\u00f3n.<\/p>\n<p>Frente a la problem\u00e1tica de la inseguridad vial, la sucesi\u00f3n de tragedias que se cobran d\u00eda a d\u00eda la vida, la salud y los bienes de las personas, se hace necesaria e imprescindible la formaci\u00f3n de t\u00e9cnicos especialistas en seguridad y educaci\u00f3n vial a fin de impartir una conciencia sobre los peatones y futuros conductores en el manejo y uso de la v\u00eda p\u00fablica.<\/p>\n<p>Esta carrera ha sido dise\u00f1ada para generar <i>T\u00e9cnicos Superiores en Educaci\u00f3n y Seguridad<\/i><br \/>\n<i>Vial<\/i>. Los contenidos est\u00e1n planificados con una duraci\u00f3n de tres (3) a\u00f1os, tiempo que le permitir\u00e1 al estudiante acceder al conocimiento integral de la legislaci\u00f3n provincial, nacional e internacional vigente, su aplicaci\u00f3n para el control de la seguridad vial y el conocimiento de la educaci\u00f3n vial. Se analizar\u00e1n los elementos que intervienen en los siniestros viales, tales como el comportamiento humano, las fallas mec\u00e1nicas, el desconocimiento de las normas de tr\u00e1nsito, los factores clim\u00e1ticos o los defectos en las v\u00edas de comunicaci\u00f3n. Est\u00e1 tecnicatura tambi\u00e9n contempla aspectos de la psicolog\u00eda humana en las causales de riesgo, propone la capacitaci\u00f3n \u00e9tica y ciudadana, y desarrolla los contenidos de la deontolog\u00eda \u2013la rama de la ciencia que estudia las obligaciones y deberes de la actividad profesional.<\/p>\n","protected":false},"excerpt":{"rendered":"<p>Acerca de la carrera Fundamentos La seguridad y educaci\u00f3n vial forma parte sustantiva de los deberes indelegables del Estado. Las complejas problem\u00e1ticas en el \u00e1mbito merecen un espacio propio para la reflexi\u00f3n, reformulaci\u00f3n y profundizaci\u00f3n de saberes y estrategias necesarias en materia vial a fin de lograr un cambio y compromiso en la construcci\u00f3n social, &#8230; <a title=\"Acerca de la carrera de Educaci\u00f3n y Seguridad Vial\" class=\"read-more\" href=\"https:\/\/isss-crr.infd.edu.ar\/sitio\/acerca-de-la-carrera-de-educacion-y-seguridad-vial\/\" aria-label=\"More on Acerca de la carrera de Educaci\u00f3n y Seguridad Vial\">[+]<\/a><\/p>\n","protected":false},"author":1426,"featured_media":0,"parent":0,"menu_order":0,"comment_status":"closed","ping_status":"closed","template":"","meta":[],"acf":[],"_links":{"self":[{"href":"https:\/\/isss-crr.infd.edu.ar\/sitio\/wp-json\/wp\/v2\/pages\/1014"}],"collection":[{"href":"https:\/\/isss-crr.infd.edu.ar\/sitio\/wp-json\/wp\/v2\/pages"}],"about":[{"href":"https:\/\/isss-crr.infd.edu.ar\/sitio\/wp-json\/wp\/v2\/types\/page"}],"author":[{"embeddable":true,"href":"https:\/\/isss-crr.infd.edu.ar\/sitio\/wp-json\/wp\/v2\/users\/1426"}],"replies":[{"embeddable":true,"href":"https:\/\/isss-crr.infd.edu.ar\/sitio\/wp-json\/wp\/v2\/comments?post=1014"}],"version-history":[{"count":1,"href":"https:\/\/isss-crr.infd.edu.ar\/sitio\/wp-json\/wp\/v2\/pages\/1014\/revisions"}],"predecessor-version":[{"id":1015,"href":"https:\/\/isss-crr.infd.edu.ar\/sitio\/wp-json\/wp\/v2\/pages\/1014\/revisions\/1015"}],"wp:attachment":[{"href":"https:\/\/isss-crr.infd.edu.ar\/sitio\/wp-json\/wp\/v2\/media?parent=1014"}],"curies":[{"name":"wp","href":"https:\/\/api.w.org\/{rel}","templated":true}]}}