{"id":1010,"date":"2020-10-27T12:00:20","date_gmt":"2020-10-27T15:00:20","guid":{"rendered":"https:\/\/isss-crr.infd.edu.ar\/sitio\/?page_id=1010"},"modified":"2020-10-27T12:00:20","modified_gmt":"2020-10-27T15:00:20","slug":"perfil-del-egresado-de-infraestructura-informatica","status":"publish","type":"page","link":"https:\/\/isss-crr.infd.edu.ar\/sitio\/perfil-del-egresado-de-infraestructura-informatica\/","title":{"rendered":"Perfil del Egresado de Infraestructura Inform\u00e1tica"},"content":{"rendered":"<h4>Perfil del Egresado<\/h4>\n<p>El t\u00e9cnico en Soporte de Infraestructura de Tecnolog\u00eda de la informaci\u00f3n administra subsistemas.<\/p>\n<p><b>Administrar servidores, software de base, comunicaciones y dem\u00e1s subsistemas, maximizando el<\/b><br \/>\n<b>aprovechamiento de los recursos y anticipando posibles problemas.<\/b><br \/>\nEsto comprende:<br \/>\n<i>\u00a0<\/i><\/p>\n<ul>\n<li><em>Monitorear la distribuci\u00f3n de carga del sistema y el uso de los recursos que componen la<\/em><\/li>\n<li><em>Administrar medios magn\u00e9ticos de almacenamiento, asignando, reorganizado o liberando espacios.<\/em><\/li>\n<li><em>Administrar clases de usuarios de sistemas y subsistemas otorgando, modificando o cancelando<\/em><\/li>\n<li><em>Actualizar, implementar cambios o aplicar parches en software de base, configurando lo que<\/em><\/li>\n<li><em>Requerir a proveedores externos cambios en sus instalaciones o servicios.<\/em><\/li>\n<li><em>Administrar backups y automatizar operaciones rutinarias o previsibles para ganar seguridad y<\/em> <em>eficiencia en la operaci\u00f3n.<\/em><\/li>\n<li><em>Planificar la evoluci\u00f3n de la capacidad disponible, para anticipar problemas y proponer soluciones<\/em> <em>que mantengan la eficiencia y efectividad del sistema.<\/em><\/li>\n<\/ul>\n","protected":false},"excerpt":{"rendered":"<p>Perfil del Egresado El t\u00e9cnico en Soporte de Infraestructura de Tecnolog\u00eda de la informaci\u00f3n administra subsistemas. Administrar servidores, software de base, comunicaciones y dem\u00e1s subsistemas, maximizando el aprovechamiento de los recursos y anticipando posibles problemas. Esto comprende: \u00a0 Monitorear la distribuci\u00f3n de carga del sistema y el uso de los recursos que componen la Administrar &#8230; <a title=\"Perfil del Egresado de Infraestructura Inform\u00e1tica\" class=\"read-more\" href=\"https:\/\/isss-crr.infd.edu.ar\/sitio\/perfil-del-egresado-de-infraestructura-informatica\/\" aria-label=\"More on Perfil del Egresado de Infraestructura Inform\u00e1tica\">[+]<\/a><\/p>\n","protected":false},"author":1426,"featured_media":0,"parent":0,"menu_order":0,"comment_status":"closed","ping_status":"closed","template":"","meta":[],"acf":[],"_links":{"self":[{"href":"https:\/\/isss-crr.infd.edu.ar\/sitio\/wp-json\/wp\/v2\/pages\/1010"}],"collection":[{"href":"https:\/\/isss-crr.infd.edu.ar\/sitio\/wp-json\/wp\/v2\/pages"}],"about":[{"href":"https:\/\/isss-crr.infd.edu.ar\/sitio\/wp-json\/wp\/v2\/types\/page"}],"author":[{"embeddable":true,"href":"https:\/\/isss-crr.infd.edu.ar\/sitio\/wp-json\/wp\/v2\/users\/1426"}],"replies":[{"embeddable":true,"href":"https:\/\/isss-crr.infd.edu.ar\/sitio\/wp-json\/wp\/v2\/comments?post=1010"}],"version-history":[{"count":1,"href":"https:\/\/isss-crr.infd.edu.ar\/sitio\/wp-json\/wp\/v2\/pages\/1010\/revisions"}],"predecessor-version":[{"id":1011,"href":"https:\/\/isss-crr.infd.edu.ar\/sitio\/wp-json\/wp\/v2\/pages\/1010\/revisions\/1011"}],"wp:attachment":[{"href":"https:\/\/isss-crr.infd.edu.ar\/sitio\/wp-json\/wp\/v2\/media?parent=1010"}],"curies":[{"name":"wp","href":"https:\/\/api.w.org\/{rel}","templated":true}]}}