{"id":1006,"date":"2020-10-27T11:55:09","date_gmt":"2020-10-27T14:55:09","guid":{"rendered":"https:\/\/isss-crr.infd.edu.ar\/sitio\/?page_id=1006"},"modified":"2020-10-27T11:55:09","modified_gmt":"2020-10-27T14:55:09","slug":"acerca-de-la-carrera-infraestructura-informatica","status":"publish","type":"page","link":"https:\/\/isss-crr.infd.edu.ar\/sitio\/acerca-de-la-carrera-infraestructura-informatica\/","title":{"rendered":"Acerca de la Carrera Infraestructura Inform\u00e1tica"},"content":{"rendered":"<h4>Acerca de la carrera<\/h4>\n<p><strong>Fundamentos<\/strong><\/p>\n<p>La extraordinaria rapidez con que se est\u00e1n produciendo actualmente los cambios sociales y<br \/>\ntecnol\u00f3gicos en la sociedad occidental, ha tra\u00eddo la llegada de la sociedad post-industrial, conocida como de<br \/>\nla informaci\u00f3n, que con el avance tecnol\u00f3gico ha convertido a las sociedades cerradas en abiertas,<br \/>\nincorpor\u00e1ndolas a la llamada aldea global y est\u00e1 causando fuertes transformaciones en el mercado laboral<br \/>\ny, por tanto, en las estructuras de las ocupaciones. La excesiva generaci\u00f3n de informaci\u00f3n y la circulaci\u00f3n<br \/>\nde la misma a velocidades sin precedentes, exige del ser humano una mayor capacidad de adaptaci\u00f3n al<br \/>\nmedio, reflejada en la autonom\u00eda en el trabajo, autonom\u00eda para pensar y autonom\u00eda para aprender; todo<br \/>\nesto lleva a nuestros alumnos a enfrentarse con un mercado laboral sumamente cambiante, necesitando<br \/>\nuna formaci\u00f3n polivalente que les permita adaptarse a los cambios que la propia sociedad genera.<\/p>\n<p>Luego de la sanci\u00f3n de la Ley de Educaci\u00f3n T\u00e9cnico Profesional N\u00ba 26.058, la Educaci\u00f3n T\u00e9cnica en<br \/>\nel escenario federal se encuentra ante el desaf\u00edo de sumar propuestas formativas que consideren los<br \/>\nprofundos cambios en la organizaci\u00f3n productiva y en la estructura de relaciones sociales.<br \/>\nLos sectores socio-productivos de bienes y servicios, se enfrentan a profundas modificaciones que<br \/>\nse producen por un creciente desarrollo cient\u00edfico tecnol\u00f3gico en un marco de globalizaci\u00f3n, que rompe no<br \/>\ns\u00f3lo las fronteras de los mercados econ\u00f3micos sino de las relaciones sociales y culturales. Cada sociedad, se<br \/>\ninserta diferencialmente de acuerdo a la respuesta que pueda dar a las exigencias de productividad y<br \/>\ncompetitividad que este contexto exige.<\/p>\n<p>En este contexto, se requiere que los ciudadanos adquieran un protagonismo creciente a fin de<br \/>\napropiarse de roles y espacios que implican, entre otras cosas, profundas transformaciones en la<br \/>\nconcepci\u00f3n y organizaci\u00f3n de la formaci\u00f3n, a fin de mantener un contacto fluido entre las demandas de<br \/>\neste escenario renovado y las instituciones educativas de Educaci\u00f3n T\u00e9cnico Profesional de nivel superior.<br \/>\nEl desaf\u00edo es identificar los mecanismos m\u00e1s apropiados para generar mayores y mejores articulaciones<br \/>\nentre el sistema educativo y los procesos de cambio a los que se enfrenta la sociedad.<\/p>\n<h4><\/h4>\n","protected":false},"excerpt":{"rendered":"<p>Acerca de la carrera Fundamentos La extraordinaria rapidez con que se est\u00e1n produciendo actualmente los cambios sociales y tecnol\u00f3gicos en la sociedad occidental, ha tra\u00eddo la llegada de la sociedad post-industrial, conocida como de la informaci\u00f3n, que con el avance tecnol\u00f3gico ha convertido a las sociedades cerradas en abiertas, incorpor\u00e1ndolas a la llamada aldea global &#8230; <a title=\"Acerca de la Carrera Infraestructura Inform\u00e1tica\" class=\"read-more\" href=\"https:\/\/isss-crr.infd.edu.ar\/sitio\/acerca-de-la-carrera-infraestructura-informatica\/\" aria-label=\"More on Acerca de la Carrera Infraestructura Inform\u00e1tica\">[+]<\/a><\/p>\n","protected":false},"author":1426,"featured_media":0,"parent":0,"menu_order":0,"comment_status":"closed","ping_status":"closed","template":"","meta":[],"acf":[],"_links":{"self":[{"href":"https:\/\/isss-crr.infd.edu.ar\/sitio\/wp-json\/wp\/v2\/pages\/1006"}],"collection":[{"href":"https:\/\/isss-crr.infd.edu.ar\/sitio\/wp-json\/wp\/v2\/pages"}],"about":[{"href":"https:\/\/isss-crr.infd.edu.ar\/sitio\/wp-json\/wp\/v2\/types\/page"}],"author":[{"embeddable":true,"href":"https:\/\/isss-crr.infd.edu.ar\/sitio\/wp-json\/wp\/v2\/users\/1426"}],"replies":[{"embeddable":true,"href":"https:\/\/isss-crr.infd.edu.ar\/sitio\/wp-json\/wp\/v2\/comments?post=1006"}],"version-history":[{"count":1,"href":"https:\/\/isss-crr.infd.edu.ar\/sitio\/wp-json\/wp\/v2\/pages\/1006\/revisions"}],"predecessor-version":[{"id":1007,"href":"https:\/\/isss-crr.infd.edu.ar\/sitio\/wp-json\/wp\/v2\/pages\/1006\/revisions\/1007"}],"wp:attachment":[{"href":"https:\/\/isss-crr.infd.edu.ar\/sitio\/wp-json\/wp\/v2\/media?parent=1006"}],"curies":[{"name":"wp","href":"https:\/\/api.w.org\/{rel}","templated":true}]}}